{"id":8006,"date":"2023-08-11T15:36:24","date_gmt":"2023-08-11T13:36:24","guid":{"rendered":"https:\/\/www.psv-velbert.de\/?page_id=8006"},"modified":"2025-04-29T20:54:35","modified_gmt":"2025-04-29T18:54:35","slug":"vorstand","status":"publish","type":"page","link":"https:\/\/www.psv-velbert.de\/?page_id=8006","title":{"rendered":"Vorstand"},"content":{"rendered":"\n<p><strong>1. Vorsitzender: <\/strong>Harald Gaude<br><img loading=\"lazy\" decoding=\"async\" width=\"150\" height=\"100\" class=\"wp-image-8010\" style=\"width: 150px;\" src=\"https:\/\/www.psv-velbert.de\/wp-content\/uploads\/2023\/08\/Harald-07-2017.jpg\" alt=\"1. Vorsitzender\" srcset=\"https:\/\/www.psv-velbert.de\/wp-content\/uploads\/2023\/08\/Harald-07-2017.jpg 960w, https:\/\/www.psv-velbert.de\/wp-content\/uploads\/2023\/08\/Harald-07-2017-300x200.jpg 300w, https:\/\/www.psv-velbert.de\/wp-content\/uploads\/2023\/08\/Harald-07-2017-120x80.jpg 120w, https:\/\/www.psv-velbert.de\/wp-content\/uploads\/2023\/08\/Harald-07-2017-768x512.jpg 768w\" sizes=\"auto, (max-width: 150px) 100vw, 150px\" \/><br>Goebenstra\u00dfe 17 in 42551 Velbert<br>Privat: 02051\/84024 <br>Fax: 03212\/1076739<br>Mobil: 0160\/98269042  <br>E-Mail: <a href=\"mailto:gaude@psv-velbert.de\">gaude@psv-velbert.de<\/a><\/p>\n\n\n\n<p><strong>2. Vorsitzende:<\/strong> Lara Bergen<br><img loading=\"lazy\" decoding=\"async\" width=\"150\" height=\"150\" class=\"wp-image-8810\" style=\"width: 150px;\" src=\"https:\/\/www.psv-velbert.de\/wp-content\/uploads\/2025\/04\/lara-bergen-foto.jpg\" alt=\"\"><br>Rosentaler Weg 2 in 42551 Velbert<br>Mobil: 0172\/2938008<br>E-Mail: <a href=\"mailto:bergen@psv-velbert.de\">bergen@psv-velbert.de<\/a><\/p>\n\n\n\n<p><strong>Gesch\u00e4ftsf\u00fchrer: <\/strong>Dieter Krause<br><img loading=\"lazy\" decoding=\"async\" width=\"150\" height=\"128\" class=\"wp-image-8011\" style=\"width: 150px;\" src=\"https:\/\/www.psv-velbert.de\/wp-content\/uploads\/2023\/08\/Dieter-Krause.jpg\" alt=\"Gesch\u00e4ftsf\u00fchrer\" srcset=\"https:\/\/www.psv-velbert.de\/wp-content\/uploads\/2023\/08\/Dieter-Krause.jpg 431w, https:\/\/www.psv-velbert.de\/wp-content\/uploads\/2023\/08\/Dieter-Krause-300x255.jpg 300w\" sizes=\"auto, (max-width: 150px) 100vw, 150px\" \/><br>Vom-Bruck-Stra\u00dfe 10 in 42551 Velbert<br>Privat: 02051\/253838 <br>Mobil: 0160\/7376379<br>E-Mail: <a href=\"mailto:krause@psv-velbert.de\">krause@psv-velbert.de<\/a><\/p>\n\n\n\n<p><strong>Kassenw\u00e4rtin: <\/strong>Sabine Gaude<br><img loading=\"lazy\" decoding=\"async\" width=\"150\" height=\"333\" class=\"wp-image-8012\" style=\"width: 150px;\" src=\"https:\/\/www.psv-velbert.de\/wp-content\/uploads\/2023\/08\/Sabine-Gaude-scaled.jpg\" alt=\"Kassenw\u00e4rtin\" srcset=\"https:\/\/www.psv-velbert.de\/wp-content\/uploads\/2023\/08\/Sabine-Gaude-scaled.jpg 1154w, https:\/\/www.psv-velbert.de\/wp-content\/uploads\/2023\/08\/Sabine-Gaude-135x300.jpg 135w, https:\/\/www.psv-velbert.de\/wp-content\/uploads\/2023\/08\/Sabine-Gaude-346x768.jpg 346w, https:\/\/www.psv-velbert.de\/wp-content\/uploads\/2023\/08\/Sabine-Gaude-768x1704.jpg 768w, https:\/\/www.psv-velbert.de\/wp-content\/uploads\/2023\/08\/Sabine-Gaude-692x1536.jpg 692w, https:\/\/www.psv-velbert.de\/wp-content\/uploads\/2023\/08\/Sabine-Gaude-923x2048.jpg 923w\" sizes=\"auto, (max-width: 150px) 100vw, 150px\" \/><br>Goebenstra\u00dfe 17 in 42551 Velbert<br>Privat: 02051\/84024 <br>Mobil: 0151\/15151806442<br>E-Mail: <a href=\"mailto:kassenwart@psv-velbert.de\">kassenwart@psv-velbert.de<\/a> <\/p>\n\n\n\n<p><\/p>\n","protected":false},"excerpt":{"rendered":"<p>1. Vorsitzender: Harald GaudeGoebenstra\u00dfe 17 in 42551 VelbertPrivat: 02051\/84024 Fax: 03212\/1076739Mobil: 0160\/98269042 E-Mail: gaude@psv-velbert.de 2. Vorsitzende: Lara BergenRosentaler Weg 2 in 42551 VelbertMobil: 0172\/2938008E-Mail: bergen@psv-velbert.de Gesch\u00e4ftsf\u00fchrer: Dieter KrauseVom-Bruck-Stra\u00dfe 10 in 42551 VelbertPrivat: 02051\/253838 Mobil: 0160\/7376379E-Mail: krause@psv-velbert.de Kassenw\u00e4rtin: Sabine GaudeGoebenstra\u00dfe 17 in 42551 VelbertPrivat: 02051\/84024 Mobil: 0151\/15151806442E-Mail: kassenwart@psv-velbert.de<\/p>\n","protected":false},"author":16,"featured_media":0,"parent":0,"menu_order":0,"comment_status":"closed","ping_status":"closed","template":"","meta":{"ngg_post_thumbnail":0,"_kad_post_transparent":"","_kad_post_title":"","_kad_post_layout":"","_kad_post_sidebar_id":"","_kad_post_content_style":"","_kad_post_vertical_padding":"","_kad_post_feature":"","_kad_post_feature_position":"","_kad_post_header":false,"_kad_post_footer":false,"_kad_post_classname":"","footnotes":""},"class_list":["post-8006","page","type-page","status-publish","hentry"],"_links":{"self":[{"href":"https:\/\/www.psv-velbert.de\/index.php?rest_route=\/wp\/v2\/pages\/8006","targetHints":{"allow":["GET"]}}],"collection":[{"href":"https:\/\/www.psv-velbert.de\/index.php?rest_route=\/wp\/v2\/pages"}],"about":[{"href":"https:\/\/www.psv-velbert.de\/index.php?rest_route=\/wp\/v2\/types\/page"}],"author":[{"embeddable":true,"href":"https:\/\/www.psv-velbert.de\/index.php?rest_route=\/wp\/v2\/users\/16"}],"replies":[{"embeddable":true,"href":"https:\/\/www.psv-velbert.de\/index.php?rest_route=%2Fwp%2Fv2%2Fcomments&post=8006"}],"version-history":[{"count":5,"href":"https:\/\/www.psv-velbert.de\/index.php?rest_route=\/wp\/v2\/pages\/8006\/revisions"}],"predecessor-version":[{"id":8811,"href":"https:\/\/www.psv-velbert.de\/index.php?rest_route=\/wp\/v2\/pages\/8006\/revisions\/8811"}],"wp:attachment":[{"href":"https:\/\/www.psv-velbert.de\/index.php?rest_route=%2Fwp%2Fv2%2Fmedia&parent=8006"}],"curies":[{"name":"wp","href":"https:\/\/api.w.org\/{rel}","templated":true}]}}