{"id":7161,"date":"2023-08-09T12:05:25","date_gmt":"2023-08-09T10:05:25","guid":{"rendered":"http:\/\/www.psv-velbert.de\/?page_id=7161"},"modified":"2023-08-09T12:05:25","modified_gmt":"2023-08-09T10:05:25","slug":"datenschutz","status":"publish","type":"page","link":"https:\/\/www.psv-velbert.de\/?page_id=7161","title":{"rendered":"Datenschutz"},"content":{"rendered":"<p><strong>Datenschutzerkl\u00e4rung des PSV-Velbert e.V. <\/strong><\/p>\n<p>Wir, der Post-Sportverein Velbert e. V., freuen uns \u00fcber Ihren Besuch unserer Website. Datenschutz und Datensicherheit f\u00fcr unsere Nutzer haben wir uns eine hohe Priorit\u00e4t. Der Schutz Ihrer pers\u00f6nlichen Daten ist uns ein besonders wichtiges Anliegen. Diese Datenschutzerkl\u00e4rung erl\u00e4utert, welche Informationen wir w\u00e4hrend Ihres Besuchs auf unserer Website erfassen und wie diese genutzt werden.<\/p>\n<p>Vereinsregister Nr. Post-Sportverein Velbert 15314 (Amtsgericht Wuppertal)<\/p>\n<p><strong>Rechtliche Grundlage und Zweck der Erhebung und Nutzung personenbezogener Daten<\/strong><\/p>\n<p>Personenbezogene Daten sind Einzelangaben \u00fcber pers\u00f6nliche oder sachliche Verh\u00e4ltnisse einer bestimmten oder bestimmbaren nat\u00fcrlichen Person, die geeignet sind, diese zu identifizieren.<\/p>\n<p>Rechtliche Grundlage f\u00fcr unseren Umgang mit personenbezogenen Daten ist die <a href=\"https:\/\/dsgvo-gesetz.de\/\" target=\"_blank\" rel=\"noopener noreferrer\">Datenschutzgrundverordnung (DSGVO, ab 25.05.2018)<\/a> sowie das <a href=\"https:\/\/dsgvo-gesetz.de\/bdsg\/\" target=\"_blank\" rel=\"noopener noreferrer\">Bundesdatenschutzgesetz (BDSG)<\/a>. Demgem\u00e4\u00df nehmen wir die Erhebung, Verarbeitung und Nutzung&nbsp; personenbezogener Daten ausschlie\u00dflich f\u00fcr eigene Zwecke vor und erheben Daten nur f\u00fcr den Zweck, f\u00fcr den sie auch genutzt werden. Wir verpflichten uns, die erhobenen Daten nur als Mittel zur Erf\u00fcllung eigener Gesch\u00e4ftszwecke und satzungsgem\u00e4\u00dfer Aufgaben zu verwenden.<\/p>\n<p><strong>Ihre Rechte auf Auskunft, Berichtigung, L\u00f6schung, Sperrung und \u00dcbertragbarkeit personenbezogener Daten<\/strong><\/p>\n<p>Sie haben das Recht,<\/p>\n<ul>\n<li>jederzeit auf Anfrage formlos und unentgeltlich Auskunft \u00fcber Ihre gespeicherten personenbezogenen Daten zu erhalten.<\/li>\n<li>die Berichtigung unrichtiger Daten zu verlangen.<\/li>\n<li>Ihre Daten l\u00f6schen zu lassen.<\/li>\n<li>die Verarbeitung Ihrer Daten einschr\u00e4nken zu lassen.<\/li>\n<li>jederzeit gegen die Verarbeitung Ihrer Daten Widerspruch einzulegen.<\/li>\n<li>Ihr Einverst\u00e4ndnis zur Erhebung, Verarbeitung und Nutzung Ihrer personenbezogenen Daten per Email unter (<a href=\"mailto:info@psv-velbert.de\" target=\"_blank\" rel=\"noopener noreferrer\">info@psv-velbert.de<\/a>) oder in anderer schriftlicher Form zu widerrufen, ohne dass die Rechtm\u00e4\u00dfigkeit des aufgrund Ihres Einverst\u00e4ndnisses bis zum Widerruf erfolgten Verarbeitung Ihrer Daten hierdurch ber\u00fchrt wird. Bei Vorliegen der gesetzlichen Voraussetzungen werden die Daten werden dann umgehend gel\u00f6scht bzw. gesperrt.<\/li>\n<li>Ihre Daten an einen anderen Verantwortlichen zu \u00fcbermitteln bzw. &#8211; so weit dies technisch machbar ist &#8211; von uns \u00fcbermitteln zu lassen.<\/li>\n<li>auf Beschwerde bei einer Aufsichtsbeh\u00f6rde.<\/li>\n<\/ul>\n<p><strong>Speicherung von Zugriffsdaten<\/strong><\/p>\n<p>Bei jedem Zugriff auf unseren Webseiten werden Zugriffsdaten in einer Protokolldatei auf dem Server unseres Providers gespeichert. Dieser Datensatz besteht aus Ihrer IP-Adresse, Datum und Uhrzeit der Anforderung, dem Namen der angeforderten Datei, dem Dateinamen, von der aus die Datei angefordert wurde, der \u00fcbertragenen Datenmenge und dem Zugriffsstatus, einer Beschreibung des verwendeten Webbrowsers und Betriebssystems sowie dem Namen Ihres Internet Service Providers. Diese Daten werden aus technischen Gr\u00fcnden erhoben. Eine Auswertung findet ausschlie\u00dflich zu statistischen Zwecken und ohne Personenbezug statt.<\/p>\n<p><strong>Cookies<\/strong><\/p>\n<p>Wir speichern auf Ihrer Festplatte Cookies. Diese enthalten eine eindeutige Nummer, die au\u00dferhalb unserer Website keine Bedeutung hat. Die Cookies werden nach dem Ende Ihres Besuchs automatisch gel\u00f6scht. Die Cookies werden ben\u00f6tigt, um Ihnen bestimmte Leistungen und Angebote uneingeschr\u00e4nkt zur Verf\u00fcgung zu stellen &#8211; zum Beispiel, um Sie nach erfolgreicher Anmeldung in einem gesch\u00fctzten Bereich f\u00fcr die gesamte Dauer Ihres Besuches zu identifizieren und autorisieren. Sie haben das Recht und die M\u00f6glichkeit, Ihren Browser so einzurichten, dass er unsere Cookies ablehnt. In diesem Fall kann allerdings der Funktionsumfang unseres Internetangebots eingeschr\u00e4nkt sein.<\/p>\n<p><strong>Kommentarfunktion<\/strong><\/p>\n<p>Zu bestimmten Inhalten stellen wir zeitweise eine Kommentarfunktion zur Verf\u00fcgung. Um dort Beitr\u00e4ge einstellen zu k\u00f6nnen, m\u00fcssen Sie Ihren Klarnamen und Ihre E-Mail-Adresse eingeben. Wenn Sie Beitr\u00e4ge schreiben, wird Ihre IP-Adresse gespeichert. Die Beitr\u00e4ge erscheinen erst nach einer Pr\u00fcfung durch die Redaktion. Dabei behalten wir uns das Recht vor, ggf. Beitr\u00e4ge nicht freizuschalten bzw. l\u00f6schen &#8211; z. B. wenn sie widerrechtliche Inhalte enthalten. Die IP-Adresse wird gel\u00f6scht, sobald wir Ihren Beitrag zur Kenntnis genommen haben.<\/p>\n<p><strong>Google Analytics (Webanalyse\/-tracking):<\/strong><\/p>\n<p>Unseres Webseiten benutzen Google Analytics, einen Webanalysedienst der Google Inc. (\u201eGoogle\u201c). Google Analytics verwendet sog. \u201eCookies\u201c, Textdateien, die auf Ihrem Computer gespeichert werden und die eine Analyse der Benutzung der Website durch Sie erm\u00f6glichen. Die durch den Cookie erzeugten Informationen \u00fcber Ihre Benutzung dieser Website (einschlie\u00dflich Ihrer IP-Adresse) werden an einen Server von Google in den USA \u00fcbertragen und dort gespeichert.<\/p>\n<p>Im Falle der Aktivierung der IP-Anonymisierung auf dieser Website, wird Ihre IP-Adresse von Google jedoch innerhalb von Mitgliedstaaten der Europ\u00e4ischen Union oder in anderen Vertragsstaaten des Abkommens \u00fcber den Europ\u00e4ischen Wirtschaftsraum zuvor gek\u00fcrzt. Nur in Ausnahmef\u00e4llen wird die volle IP-Adresse an einen Server von Google in den USA \u00fcbertragen und dort gek\u00fcrzt. Die IP-Anonymisierung ist auf dieser Webseite aktiv.<\/p>\n<p>Im Auftrag des Betreibers dieser Website wird Google diese Informationen benutzen, um Ihre Nutzung der Website auszuwerten, um Reports \u00fcber die Websiteaktivit\u00e4ten f\u00fcr den Websitebetreiber zusammenzustellen und um weitere mit der Websitenutzung und der Internetnutzung verbundene Dienstleistungen zu erbringen. Die im Rahmen von Google Analytics von Ihrem Browser \u00fcbermittelte IP-Adresse wird nicht mit anderen Daten von Google zusammengef\u00fchrt.<\/p>\n<p>Sie k\u00f6nnen die Installation der Cookies durch eine entsprechende Einstellung Ihrer Browser Software verhindern. Wir weisen Sie jedoch darauf hin, dass Sie in diesem Fall gegebenenfalls nicht s\u00e4mtliche Funktionen unserer Webseiten vollumf\u00e4nglich nutzen k\u00f6nnen.<\/p>\n<p>Sie k\u00f6nnen dar\u00fcber hinaus die Erfassung der durch das Cookie erzeugten und auf Ihre Nutzung der Website bezogenen Daten (inkl. Ihrer IP-Adresse) an Google sowie die Verarbeitung dieser Daten durch Google verhindern, indem sie das unter dem folgenden Link verf\u00fcgbare <a href=\"https:\/\/tools.google.com\/dlpage\/gaoptout?hl=de\">Browser-Plugin herunterladen und installieren<\/a>. Durch die Nutzung unserer Webseiten erkl\u00e4ren Sie sich mit der Bearbeitung der \u00fcber Sie erhobenen Daten durch Google in der zuvor beschriebenen Art und Weise und zu dem zuvor benannten Zweck einverstanden.<\/p>\n<p>Die Erfassung durch Google Analytics k\u00f6nnen Sie alternativ verhindern, indem Sie auf folgenden Link klicken: Google Analytics deaktivieren. Durch den Klick wird ein Opt-Out-Cookie gesetzt, der die zuk\u00fcnftige Erfassung Ihrer Daten beim Besuch dieser Website verhindert.<\/p>\n<p><strong>Google Remarketing\/DoubleClick<\/strong><\/p>\n<p>Dar\u00fcber hinaus verwenden wir Google Remarketing. Dabei handelt es sich um einen Service von Google, der uns eine optimierte, zielgruppengerechte Ansprache \u00fcber unsere bei Google oder von Drittanbietern platzierte Werbung zu erm\u00f6glichen. Auch hierf\u00fcr kommen Cookies zum Einsatz. Dabei handelt es sich um Cookies von Google und DoubleClick und ggf. weiteren Drittanbietern. Sie k\u00f6nnen der Nutzung von Google Remarketing widersprechen, indem Sie das Setzen von Cookies durch Google und\/oder Doubleclick unterbinden oder die Opt-Out-M\u00f6glichkeiten von Google nutzen. Mehr Informationen zu Werbung von Google finden Sie <a href=\"http:\/\/www.google.com\/policies\/technologies\/ads\/\">hier<\/a>.<\/p>\n<p>Eine M\u00f6glichkeit, das Remarketing durch Google zu unterbinden finden Sie auf dieser <a href=\"https:\/\/www.google.com\/settings\/ads\/anonymous?hl=de&amp;sig=ACi0TCi3QHSfE2307HaiPCeatRDtvtZ2qQQgken0edDWslsnF4Po7uqzIluVa0iJ8Py2SW9EoykY0Bj0c7LnbelXQGpKzBN7iYaMWDr59rARXMzuHlrfBLKs0c0IN2tNfuoCpdYjjTl5J3-k2pijx7fUlDEc00IGw1ZaHAVAA_j1eOO_zvw9GRI7dakmbidd6AAo4tTLRR1b\">Internetseite<\/a>.<\/p>\n\n\n<p><\/p>\n","protected":false},"excerpt":{"rendered":"<p>Datenschutzerkl\u00e4rung des PSV-Velbert e.V. Wir, der Post-Sportverein Velbert e. V., freuen uns \u00fcber Ihren Besuch unserer Website. Datenschutz und Datensicherheit f\u00fcr unsere Nutzer haben wir uns eine hohe Priorit\u00e4t. Der Schutz Ihrer pers\u00f6nlichen Daten ist uns ein besonders wichtiges Anliegen. Diese Datenschutzerkl\u00e4rung erl\u00e4utert, welche Informationen wir w\u00e4hrend Ihres Besuchs auf unserer Website erfassen und wie&#8230;<\/p>\n","protected":false},"author":16,"featured_media":0,"parent":835,"menu_order":95,"comment_status":"closed","ping_status":"closed","template":"","meta":{"ngg_post_thumbnail":0,"_kad_post_transparent":"","_kad_post_title":"","_kad_post_layout":"","_kad_post_sidebar_id":"","_kad_post_content_style":"","_kad_post_vertical_padding":"","_kad_post_feature":"","_kad_post_feature_position":"","_kad_post_header":false,"_kad_post_footer":false,"_kad_post_classname":"","footnotes":""},"class_list":["post-7161","page","type-page","status-publish","hentry"],"_links":{"self":[{"href":"https:\/\/www.psv-velbert.de\/index.php?rest_route=\/wp\/v2\/pages\/7161","targetHints":{"allow":["GET"]}}],"collection":[{"href":"https:\/\/www.psv-velbert.de\/index.php?rest_route=\/wp\/v2\/pages"}],"about":[{"href":"https:\/\/www.psv-velbert.de\/index.php?rest_route=\/wp\/v2\/types\/page"}],"author":[{"embeddable":true,"href":"https:\/\/www.psv-velbert.de\/index.php?rest_route=\/wp\/v2\/users\/16"}],"replies":[{"embeddable":true,"href":"https:\/\/www.psv-velbert.de\/index.php?rest_route=%2Fwp%2Fv2%2Fcomments&post=7161"}],"version-history":[{"count":4,"href":"https:\/\/www.psv-velbert.de\/index.php?rest_route=\/wp\/v2\/pages\/7161\/revisions"}],"predecessor-version":[{"id":7660,"href":"https:\/\/www.psv-velbert.de\/index.php?rest_route=\/wp\/v2\/pages\/7161\/revisions\/7660"}],"up":[{"embeddable":true,"href":"https:\/\/www.psv-velbert.de\/index.php?rest_route=\/wp\/v2\/pages\/835"}],"wp:attachment":[{"href":"https:\/\/www.psv-velbert.de\/index.php?rest_route=%2Fwp%2Fv2%2Fmedia&parent=7161"}],"curies":[{"name":"wp","href":"https:\/\/api.w.org\/{rel}","templated":true}]}}