{"id":706,"date":"2023-08-07T17:17:22","date_gmt":"2023-08-07T15:17:22","guid":{"rendered":"http:\/\/www.psv-velbert.de\/?page_id=706"},"modified":"2026-03-17T18:57:27","modified_gmt":"2026-03-17T16:57:27","slug":"spielplane-tabellen","status":"publish","type":"page","link":"https:\/\/www.psv-velbert.de\/?page_id=706","title":{"rendered":"Badminton Spielpl\u00e4ne und Tabellen"},"content":{"rendered":"<div class=\"elementor-element elementor-element-4b0fc394 e-flex e-con-boxed e-con e-parent e-lazyloaded\" data-id=\"4b0fc394\" data-element_type=\"container\">\n<div class=\"e-con-inner\">\n<div class=\"elementor-element elementor-element-41bdfc4 elementor-widget elementor-widget-text-editor\" data-id=\"41bdfc4\" data-element_type=\"widget\" data-widget_type=\"text-editor.default\">\n<div class=\"elementor-widget-container\">\n<p><strong>S<\/strong><strong>eit&nbsp;mehreren Jahren<\/strong> besteht zwischen der Badmintonabteilung des PSV Velbert und dem BV 69 Velbert eine Spiel- und Trainingsgemeinschaft um h\u00e4ufigere Trainingsm\u00f6glichkeiten zu bieten und f\u00fcr den Meisterschaftsbetrieb mehr Mannschaften aufstellen zu k\u00f6nnen. Der Name dieser Spielgemeinschaft lautet<\/p>\n<p><strong>BSG Velbert<\/strong><\/p>\n<p>Die aktuellen Spielpl\u00e4ne und Tabellen finden sich unter nachfolgenden Links:<\/p>\n<p>&nbsp;<\/p>\n<\/div>\n<\/div>\n<\/div>\n<\/div>\n<p><span style=\"text-decoration: underline;\"><strong>1. Mannschaft: BSG 1 O19 \u2013 Bezirksklasse<\/strong><\/span><\/p>\n<p><a href=\"https:\/\/dbv.turnier.de\/sport\/league\/team?id=925D6245-1FA1-496D-9810-1439487E5801&amp;team=433\" target=\"_blank\" rel=\"noopener\">Tabelle<\/a><\/p>\n<p><span style=\"text-decoration: underline;\"><strong>2.Mannschaft: BSG 2 O19 \u2013 Kreisliga<\/strong><\/span><\/p>\n<p><a href=\"https:\/\/dbv.turnier.de\/sport\/league\/team?id=925D6245-1FA1-496D-9810-1439487E5801&amp;team=434\" target=\"_blank\" rel=\"noopener\">Tabelle<\/a><\/p>\n\n\n<p><\/p>\n","protected":false},"excerpt":{"rendered":"<p>Seit&nbsp;mehreren Jahren besteht zwischen der Badmintonabteilung des PSV Velbert und dem BV 69 Velbert eine Spiel- und Trainingsgemeinschaft um h\u00e4ufigere Trainingsm\u00f6glichkeiten zu bieten und f\u00fcr den Meisterschaftsbetrieb mehr Mannschaften aufstellen zu k\u00f6nnen. Der Name dieser Spielgemeinschaft lautet BSG Velbert Die aktuellen Spielpl\u00e4ne und Tabellen finden sich unter nachfolgenden Links: &nbsp; 1. Mannschaft: BSG 1 O19&#8230;<\/p>\n","protected":false},"author":16,"featured_media":0,"parent":11,"menu_order":12,"comment_status":"closed","ping_status":"closed","template":"","meta":{"ngg_post_thumbnail":0,"_kad_post_transparent":"","_kad_post_title":"","_kad_post_layout":"","_kad_post_sidebar_id":"","_kad_post_content_style":"","_kad_post_vertical_padding":"","_kad_post_feature":"","_kad_post_feature_position":"","_kad_post_header":false,"_kad_post_footer":false,"_kad_post_classname":"","footnotes":""},"class_list":["post-706","page","type-page","status-publish","hentry"],"_links":{"self":[{"href":"https:\/\/www.psv-velbert.de\/index.php?rest_route=\/wp\/v2\/pages\/706","targetHints":{"allow":["GET"]}}],"collection":[{"href":"https:\/\/www.psv-velbert.de\/index.php?rest_route=\/wp\/v2\/pages"}],"about":[{"href":"https:\/\/www.psv-velbert.de\/index.php?rest_route=\/wp\/v2\/types\/page"}],"author":[{"embeddable":true,"href":"https:\/\/www.psv-velbert.de\/index.php?rest_route=\/wp\/v2\/users\/16"}],"replies":[{"embeddable":true,"href":"https:\/\/www.psv-velbert.de\/index.php?rest_route=%2Fwp%2Fv2%2Fcomments&post=706"}],"version-history":[{"count":17,"href":"https:\/\/www.psv-velbert.de\/index.php?rest_route=\/wp\/v2\/pages\/706\/revisions"}],"predecessor-version":[{"id":9761,"href":"https:\/\/www.psv-velbert.de\/index.php?rest_route=\/wp\/v2\/pages\/706\/revisions\/9761"}],"up":[{"embeddable":true,"href":"https:\/\/www.psv-velbert.de\/index.php?rest_route=\/wp\/v2\/pages\/11"}],"wp:attachment":[{"href":"https:\/\/www.psv-velbert.de\/index.php?rest_route=%2Fwp%2Fv2%2Fmedia&parent=706"}],"curies":[{"name":"wp","href":"https:\/\/api.w.org\/{rel}","templated":true}]}}