{"id":53,"date":"2023-08-07T16:45:25","date_gmt":"2023-08-07T14:45:25","guid":{"rendered":"http:\/\/wp.psv-velbert.de\/?page_id=53"},"modified":"2025-09-24T12:45:10","modified_gmt":"2025-09-24T10:45:10","slug":"schutzen","status":"publish","type":"page","link":"https:\/\/www.psv-velbert.de\/?page_id=53","title":{"rendered":"Sch\u00fctzen"},"content":{"rendered":"<p>Seit 1958 trafen sich Schie\u00dfsportbegeisterte, um gemeinsam ihren Sport auszu\u00fcben. Die <strong>Schie\u00dfabteilung<\/strong> des Vereins konstituierte sich offiziell im&nbsp; Jahre 1966. Sportlich konnte sich die Abteilung aber erst entfalten, nach dem unter Hans Klein 1969 ein Luftgewehrschie\u00dfstand im ehemaligen Fabrikgeb\u00e4ude der Firma Niederdrenk an der &#8222;Milchstra\u00dfe&#8220; von Mitgliedern erbaut und in Betrieb genommen worden war. Der mit viel Schwei\u00df erstellte Stand musste jedoch sechzehn Monate sp\u00e4ter wieder aufgegeben werden, weil das Geb\u00e4ude abgerissen wurde. Mit viel Schwung und Begeisterung wurde in wenigen Wochen im Postgeb\u00e4ude an der &#8222;Poststra\u00dfe&#8220; ein neuer Luftgewehrstand errichtet, der im Januar 1972 seiner Bestimmung \u00fcbergeben werden konnte, und auch heute noch eifrig genutzt wird.<\/p>\n<p>Im Sommer 2018 wurde der Schie\u00dfstand modernisiert und mit einer elektronischen Auswertanlage ausgestattet.<\/p>\n<p>Mit gro\u00dfem Bedauern wurde auf der Jahres-Hauptversammlung der Sch\u00fctzen-Abteilung am 1. M\u00e4rz 2023 beschlossen, die Abteilung zum 30. Juni 2023 zu schlie\u00dfen. Diese Entscheidung wurde dann sp\u00e4ter in der Delegierten-Versammlung offiziell best\u00e4tigt.<\/p>\n<p>Die Mitgliederzahlen sind in den letzten Jahren zur\u00fcckgegangen und die Ausgaben sind stetig gestiegen. Die Sch\u00fctzenabteilung hat in den letzten 3 Jahren gr\u00f6\u00dfere Verluste gemacht. In dieser Zeit wurden die Verluste von der Postsportler-Gemeinschaft aufgefangen. Dies war aber nicht mehr l\u00e4nger zumutbar. Darum blieb uns keine, den Mitgliedern zumutbare, Alternative.<br \/>\nDie Entscheidung ist uns nicht leichtgefallen, aber Angesicht der finanziellen Situation blieb uns keine andere M\u00f6glichkeit.<\/p>\n<p>Mit Schlie\u00dfung der Abteilung wurde der Schie\u00dfstand zur\u00fcck gebaut und das Objekt besenrein dem Vermieter \u00fcbergeben.<\/p>\n<p><strong>Nach fast 65 Jahren endet der Schie\u00dfsport unter dem Dach des Post-Sportverein Velbert.<\/strong> Die aktiven Sch\u00fctzen haben eine neue Heimat im<br \/>\nPost-Sportverein D\u00fcsseldorf gefunden.<\/p>\n<p><strong>Eine \u00c4ra ist zu Ende gegangen!<\/strong><\/p>\n","protected":false},"excerpt":{"rendered":"<p>Seit 1958 trafen sich Schie\u00dfsportbegeisterte, um gemeinsam ihren Sport auszu\u00fcben. Die Schie\u00dfabteilung des Vereins konstituierte sich offiziell im&nbsp; Jahre 1966. Sportlich konnte sich die Abteilung aber erst entfalten, nach dem unter Hans Klein 1969 ein Luftgewehrschie\u00dfstand im ehemaligen Fabrikgeb\u00e4ude der Firma Niederdrenk an der &#8222;Milchstra\u00dfe&#8220; von Mitgliedern erbaut und in Betrieb genommen worden war. Der&#8230;<\/p>\n","protected":false},"author":16,"featured_media":0,"parent":0,"menu_order":11,"comment_status":"closed","ping_status":"closed","template":"","meta":{"ngg_post_thumbnail":0,"_kad_post_transparent":"","_kad_post_title":"","_kad_post_layout":"","_kad_post_sidebar_id":"","_kad_post_content_style":"","_kad_post_vertical_padding":"","_kad_post_feature":"","_kad_post_feature_position":"","_kad_post_header":false,"_kad_post_footer":false,"_kad_post_classname":"","footnotes":""},"class_list":["post-53","page","type-page","status-publish","hentry"],"_links":{"self":[{"href":"https:\/\/www.psv-velbert.de\/index.php?rest_route=\/wp\/v2\/pages\/53","targetHints":{"allow":["GET"]}}],"collection":[{"href":"https:\/\/www.psv-velbert.de\/index.php?rest_route=\/wp\/v2\/pages"}],"about":[{"href":"https:\/\/www.psv-velbert.de\/index.php?rest_route=\/wp\/v2\/types\/page"}],"author":[{"embeddable":true,"href":"https:\/\/www.psv-velbert.de\/index.php?rest_route=\/wp\/v2\/users\/16"}],"replies":[{"embeddable":true,"href":"https:\/\/www.psv-velbert.de\/index.php?rest_route=%2Fwp%2Fv2%2Fcomments&post=53"}],"version-history":[{"count":16,"href":"https:\/\/www.psv-velbert.de\/index.php?rest_route=\/wp\/v2\/pages\/53\/revisions"}],"predecessor-version":[{"id":9141,"href":"https:\/\/www.psv-velbert.de\/index.php?rest_route=\/wp\/v2\/pages\/53\/revisions\/9141"}],"wp:attachment":[{"href":"https:\/\/www.psv-velbert.de\/index.php?rest_route=%2Fwp%2Fv2%2Fmedia&parent=53"}],"curies":[{"name":"wp","href":"https:\/\/api.w.org\/{rel}","templated":true}]}}