{"id":45,"date":"2023-08-07T16:35:20","date_gmt":"2023-08-07T14:35:20","guid":{"rendered":"http:\/\/wp.psv-velbert.de\/?page_id=45"},"modified":"2025-09-24T12:32:42","modified_gmt":"2025-09-24T10:32:42","slug":"fusball","status":"publish","type":"page","link":"https:\/\/www.psv-velbert.de\/?page_id=45","title":{"rendered":"Fu\u00dfball"},"content":{"rendered":"\n<p>Die <strong>Fu\u00dfballabteilung<\/strong> wurde 1961 geboren, Geburtshelfer war damals Detlef Schubert. Die ersten Spiele fanden auf dem alten Sportplatz an der Heiligenhauser Stra\u00dfe statt. Doch bereits ein Jahr sp\u00e4ter, am 12.08.1962 konnte der Post-Sportplatz an der Stra\u00dfe &#8222;Zur Sonnenblume&#8220;, den Mitglieder in Eigenleistung unter finanzieller Mitwirkung der Stadt Velbert erbaut hatten, eingeweiht werden. Im Jahre 1965 musste noch einmal kr\u00e4ftig Hand angelegt werden, als nach einem gro\u00dfen Regen eine St\u00fctzmauer an der Ostseite des Platzes eingest\u00fcrzt war. Mit Spaten und Schaufel traten die Mitglieder in Aktion.<\/p>\n\n\n\n<p>Im Herbst 1977 musste der Post-Sportverein seinen alten Platz aufgeben, da nach spielten die Fu\u00dfballer auf dem Platz &#8222;Am Wasserturm&#8220;.<\/p>\n\n\n\n<p>Am 31. Mai 2015 musste der Spielbetrieb auf dem \u201eSportplatz am Wasserturm\u201c eingestellt werden. Im Juli 2017 wurde der Platz zur\u00fcckgebaut und die Geb\u00e4ude wurden abgerissen. <strong>Damit endete die Zeit des aktiven Fu\u00dfall in unserem Verein.<\/strong><\/p>\n\n\n\n<p>Die im Verein verbliebenen Mitglieder treffen sich seit dem mit ihren ehemalige Vereinskameraden mittwochs zu einem w\u00f6chentlichen Stammtisch in der \u201eGastst\u00e4tte Veith\u201c.<\/p>\n\n\n\n<h3 class=\"wp-block-heading\">Abteilungsleiter: <\/h3>\n\n\n\n<p><br><img loading=\"lazy\" decoding=\"async\" width=\"300\" height=\"215\" src=\"http:\/\/www.psv-velbert.de\/wp-content\/uploads\/2009\/06\/Dieter-Krause-2011-300x215.jpg\" alt=\"Dieter Krause 2011\"><\/p>\n\n\n\n<p>Dieter Krause<br>Telefon: 02051\/253838<br>Email: krause@psv-velbert.de<\/p>\n\n\n\n<h3 class=\"wp-block-heading\">Stellvertreter: <\/h3>\n\n\n\n<p>Michael Kleinschnitger<br>Telefon: 02051\/254946<\/p>\n\n\n\n<p><\/p>\n","protected":false},"excerpt":{"rendered":"<p>Die Fu\u00dfballabteilung wurde 1961 geboren, Geburtshelfer war damals Detlef Schubert. Die ersten Spiele fanden auf dem alten Sportplatz an der Heiligenhauser Stra\u00dfe statt. Doch bereits ein Jahr sp\u00e4ter, am 12.08.1962 konnte der Post-Sportplatz an der Stra\u00dfe &#8222;Zur Sonnenblume&#8220;, den Mitglieder in Eigenleistung unter finanzieller Mitwirkung der Stadt Velbert erbaut hatten, eingeweiht werden. Im Jahre 1965&#8230;<\/p>\n","protected":false},"author":16,"featured_media":0,"parent":0,"menu_order":7,"comment_status":"closed","ping_status":"closed","template":"","meta":{"ngg_post_thumbnail":0,"_kad_post_transparent":"","_kad_post_title":"","_kad_post_layout":"","_kad_post_sidebar_id":"","_kad_post_content_style":"","_kad_post_vertical_padding":"","_kad_post_feature":"","_kad_post_feature_position":"","_kad_post_header":false,"_kad_post_footer":false,"_kad_post_classname":"","footnotes":""},"class_list":["post-45","page","type-page","status-publish","hentry"],"_links":{"self":[{"href":"https:\/\/www.psv-velbert.de\/index.php?rest_route=\/wp\/v2\/pages\/45","targetHints":{"allow":["GET"]}}],"collection":[{"href":"https:\/\/www.psv-velbert.de\/index.php?rest_route=\/wp\/v2\/pages"}],"about":[{"href":"https:\/\/www.psv-velbert.de\/index.php?rest_route=\/wp\/v2\/types\/page"}],"author":[{"embeddable":true,"href":"https:\/\/www.psv-velbert.de\/index.php?rest_route=\/wp\/v2\/users\/16"}],"replies":[{"embeddable":true,"href":"https:\/\/www.psv-velbert.de\/index.php?rest_route=%2Fwp%2Fv2%2Fcomments&post=45"}],"version-history":[{"count":6,"href":"https:\/\/www.psv-velbert.de\/index.php?rest_route=\/wp\/v2\/pages\/45\/revisions"}],"predecessor-version":[{"id":9130,"href":"https:\/\/www.psv-velbert.de\/index.php?rest_route=\/wp\/v2\/pages\/45\/revisions\/9130"}],"wp:attachment":[{"href":"https:\/\/www.psv-velbert.de\/index.php?rest_route=%2Fwp%2Fv2%2Fmedia&parent=45"}],"curies":[{"name":"wp","href":"https:\/\/api.w.org\/{rel}","templated":true}]}}