{"id":42,"date":"2023-08-07T16:33:58","date_gmt":"2023-08-07T14:33:58","guid":{"rendered":"http:\/\/wp.psv-velbert.de\/?page_id=42"},"modified":"2023-08-07T16:34:33","modified_gmt":"2023-08-07T14:34:33","slug":"fitness","status":"publish","type":"page","link":"https:\/\/www.psv-velbert.de\/?page_id=42","title":{"rendered":"Fitness"},"content":{"rendered":"\n<p>Die j\u00fcngste Abteilung des PSV bietet ein vielf\u00e4ltiges Angebot und wird von Klaus Heuer und Peter Oehring gef\u00fchrt.<\/p>\n\n\n<p style=\"text-align: center;\"><span style=\"font-size: small; font-family: Calibri;\"><span style=\"font-size: small; font-family: Calibri;\">&nbsp;<\/span><\/span><span style=\"font-size: small; font-family: Calibri;\"><span style=\"font-size: small; font-family: Calibri;\">&nbsp;<\/span><\/span><\/p>\n<p><img loading=\"lazy\" decoding=\"async\" class=\"alignleft wp-image-7899 size-medium\" src=\"https:\/\/www.psv-velbert.de\/wp-content\/uploads\/2023\/07\/Klaus-Heuer-07-2023jpg-199x300.jpg\" alt=\"\" width=\"199\" height=\"300\" srcset=\"https:\/\/www.psv-velbert.de\/wp-content\/uploads\/2023\/07\/Klaus-Heuer-07-2023jpg-199x300.jpg 199w, https:\/\/www.psv-velbert.de\/wp-content\/uploads\/2023\/07\/Klaus-Heuer-07-2023jpg-509x768.jpg 509w, https:\/\/www.psv-velbert.de\/wp-content\/uploads\/2023\/07\/Klaus-Heuer-07-2023jpg.jpg 675w\" sizes=\"auto, (max-width: 199px) 100vw, 199px\" \/>&nbsp;<\/p>\n<h3>Abteilungsleiter:&nbsp;<\/h3>\n<p>Klaus Heuer<br>Telefon: 02051 \/ 654 77<br>Handy: 0160 \/ 91 18 33 73<br>Email: fitness@psv-velbert.de<\/p>\n<p>&nbsp;<\/p>\n<p><img loading=\"lazy\" decoding=\"async\" class=\"alignleft wp-image-7901 size-medium\" src=\"https:\/\/www.psv-velbert.de\/wp-content\/uploads\/2023\/07\/Peter-Oehring-07-2023-225x300.jpg\" alt=\"\" width=\"225\" height=\"300\" srcset=\"https:\/\/www.psv-velbert.de\/wp-content\/uploads\/2023\/07\/Peter-Oehring-07-2023-225x300.jpg 225w, https:\/\/www.psv-velbert.de\/wp-content\/uploads\/2023\/07\/Peter-Oehring-07-2023-rotated.jpg 480w\" sizes=\"auto, (max-width: 225px) 100vw, 225px\" \/><\/p>\n\n\n<p><\/p>\n\n\n\n<h2 class=\"wp-block-heading\">Vertreter: <\/h2>\n\n\n\n<p>Peter Oehring<br>Telefon: 02051 \/ 31 19 66<br>Handy: 0157 \/ 85 06 01 80<br>Email: fitness@psv-velbert.de<\/p>\n","protected":false},"excerpt":{"rendered":"<p>Die j\u00fcngste Abteilung des PSV bietet ein vielf\u00e4ltiges Angebot und wird von Klaus Heuer und Peter Oehring gef\u00fchrt. &nbsp;&nbsp; &nbsp; Abteilungsleiter:&nbsp; Klaus HeuerTelefon: 02051 \/ 654 77Handy: 0160 \/ 91 18 33 73Email: fitness@psv-velbert.de &nbsp; Vertreter: Peter OehringTelefon: 02051 \/ 31 19 66Handy: 0157 \/ 85 06 01 80Email: fitness@psv-velbert.de<\/p>\n","protected":false},"author":16,"featured_media":0,"parent":23,"menu_order":4,"comment_status":"closed","ping_status":"closed","template":"","meta":{"ngg_post_thumbnail":0,"_kad_post_transparent":"","_kad_post_title":"","_kad_post_layout":"","_kad_post_sidebar_id":"","_kad_post_content_style":"","_kad_post_vertical_padding":"","_kad_post_feature":"","_kad_post_feature_position":"","_kad_post_header":false,"_kad_post_footer":false,"_kad_post_classname":"","footnotes":""},"class_list":["post-42","page","type-page","status-publish","hentry"],"_links":{"self":[{"href":"https:\/\/www.psv-velbert.de\/index.php?rest_route=\/wp\/v2\/pages\/42","targetHints":{"allow":["GET"]}}],"collection":[{"href":"https:\/\/www.psv-velbert.de\/index.php?rest_route=\/wp\/v2\/pages"}],"about":[{"href":"https:\/\/www.psv-velbert.de\/index.php?rest_route=\/wp\/v2\/types\/page"}],"author":[{"embeddable":true,"href":"https:\/\/www.psv-velbert.de\/index.php?rest_route=\/wp\/v2\/users\/16"}],"replies":[{"embeddable":true,"href":"https:\/\/www.psv-velbert.de\/index.php?rest_route=%2Fwp%2Fv2%2Fcomments&post=42"}],"version-history":[{"count":3,"href":"https:\/\/www.psv-velbert.de\/index.php?rest_route=\/wp\/v2\/pages\/42\/revisions"}],"predecessor-version":[{"id":7931,"href":"https:\/\/www.psv-velbert.de\/index.php?rest_route=\/wp\/v2\/pages\/42\/revisions\/7931"}],"up":[{"embeddable":true,"href":"https:\/\/www.psv-velbert.de\/index.php?rest_route=\/wp\/v2\/pages\/23"}],"wp:attachment":[{"href":"https:\/\/www.psv-velbert.de\/index.php?rest_route=%2Fwp%2Fv2%2Fmedia&parent=42"}],"curies":[{"name":"wp","href":"https:\/\/api.w.org\/{rel}","templated":true}]}}