{"id":1921,"date":"2011-06-13T18:17:47","date_gmt":"2011-06-13T16:17:47","guid":{"rendered":"http:\/\/www.psv-velbert.de\/?page_id=1921"},"modified":"2023-07-05T13:23:19","modified_gmt":"2023-07-05T11:23:19","slug":"forderrichtlinien","status":"publish","type":"page","link":"https:\/\/www.psv-velbert.de\/?page_id=1921","title":{"rendered":"F\u00f6rderrichtlinien"},"content":{"rendered":"<p><strong>F\u00f6rdergelder sind wichtig!<\/strong><\/p>\n<p>&#8211; Aber wo kann man die F\u00f6rdergelder beantragen?<\/p>\n<p>&#8211; Was mu\u00df beachtet werden?<\/p>\n<p>&#8211; Welche Fristen m\u00fcssen beachtet werden?<\/p>\n<p>Hier am Ort ist es der<strong> StadtSportBund Velbert <\/strong>und die <strong>Stadt Velbert<\/strong>.<\/p>\n<p>Der<strong> StadtSportBund Velbert<\/strong> unterst\u00fctzt die Sportvereine bei der Ausrichtung bestimmter Wettk\u00e4mpfe und unterst\u00fctzt die Sportler bei der Teilnahme an bestimmten sportlichen Veranstaltungen.<\/p>\n<p>&#8211; Einzelheiten findet man auf der <a href=\"https:\/\/www.ssb-velbert.de\/downloads-2\/\" target=\"_blank\" rel=\"noopener noreferrer\">Homepage des StadtSportBund Velbert e.V.<\/a><\/p>\n<p>Die <strong>Stadt Velbert<\/strong> unterst\u00fctzt die Sportvereine beim Bau und der Unterhaltung ihrer Sportst\u00e4tten und bei der Beschaffung von Sportger\u00e4ten.<\/p>\n<p>&#8211; Die aktuellen F\u00f6rderrichtlinien f\u00fcr Investitionszusch\u00fcsse der Stadt Velbert findet Ihr hier:&nbsp; <a href=\"http:\/\/www.psv-velbert.de\/wp-content\/uploads\/2018\/03\/Foerderrichtlinien_Sportpauschale_2018-03-01.pdf\" target=\"_blank\" rel=\"attachment wp-att-1922 noopener noreferrer\">F\u00f6rderrichtlinien f\u00fcr Investitionszusch\u00fcsse<\/a><\/p>\n<p><strong>Bitte beachten!<\/strong><br \/>\nDie Antr\u00e4ge werden nur vom Vorstand des Gesamtvereins gestellt. Bitte legt deswegen die Unterlagen dem Vorsitzenden vor. &#8211; Vielen Dank!<\/p>\n","protected":false},"excerpt":{"rendered":"<p>F\u00f6rdergelder sind wichtig! &#8211; Aber wo kann man die F\u00f6rdergelder beantragen? &#8211; Was mu\u00df beachtet werden? &#8211; Welche Fristen m\u00fcssen beachtet werden? Hier am Ort ist es der StadtSportBund Velbert und die Stadt Velbert. Der StadtSportBund Velbert unterst\u00fctzt die Sportvereine bei der Ausrichtung bestimmter Wettk\u00e4mpfe und unterst\u00fctzt die Sportler bei der Teilnahme an bestimmten sportlichen&#8230;<\/p>\n","protected":false},"author":2,"featured_media":0,"parent":0,"menu_order":25,"comment_status":"closed","ping_status":"closed","template":"","meta":{"ngg_post_thumbnail":0,"_kad_post_transparent":"","_kad_post_title":"","_kad_post_layout":"","_kad_post_sidebar_id":"","_kad_post_content_style":"","_kad_post_vertical_padding":"","_kad_post_feature":"","_kad_post_feature_position":"","_kad_post_header":false,"_kad_post_footer":false,"_kad_post_classname":"","footnotes":""},"class_list":["post-1921","page","type-page","status-publish","hentry"],"_links":{"self":[{"href":"https:\/\/www.psv-velbert.de\/index.php?rest_route=\/wp\/v2\/pages\/1921","targetHints":{"allow":["GET"]}}],"collection":[{"href":"https:\/\/www.psv-velbert.de\/index.php?rest_route=\/wp\/v2\/pages"}],"about":[{"href":"https:\/\/www.psv-velbert.de\/index.php?rest_route=\/wp\/v2\/types\/page"}],"author":[{"embeddable":true,"href":"https:\/\/www.psv-velbert.de\/index.php?rest_route=\/wp\/v2\/users\/2"}],"replies":[{"embeddable":true,"href":"https:\/\/www.psv-velbert.de\/index.php?rest_route=%2Fwp%2Fv2%2Fcomments&post=1921"}],"version-history":[{"count":38,"href":"https:\/\/www.psv-velbert.de\/index.php?rest_route=\/wp\/v2\/pages\/1921\/revisions"}],"predecessor-version":[{"id":7892,"href":"https:\/\/www.psv-velbert.de\/index.php?rest_route=\/wp\/v2\/pages\/1921\/revisions\/7892"}],"wp:attachment":[{"href":"https:\/\/www.psv-velbert.de\/index.php?rest_route=%2Fwp%2Fv2%2Fmedia&parent=1921"}],"curies":[{"name":"wp","href":"https:\/\/api.w.org\/{rel}","templated":true}]}}