{"id":159,"date":"2023-08-07T16:31:44","date_gmt":"2023-08-07T14:31:44","guid":{"rendered":"http:\/\/wp.psv-velbert.de\/?page_id=159"},"modified":"2025-12-31T16:24:48","modified_gmt":"2025-12-31T14:24:48","slug":"beitraege-und-aufnahme","status":"publish","type":"page","link":"https:\/\/www.psv-velbert.de\/?page_id=159","title":{"rendered":"Beitr\u00e4ge und Aufnahme"},"content":{"rendered":"<p>Die Beitr\u00e4ge setzen sich aus einen monatlichen Grundbeitrag und einem monatlichen Abteilungsbeitrag zusammen.<br \/>\nDie Tennisabteilung hat gesonderte Beitr\u00e4ge , die den Grundbeitrag beinhalten <a href=\"http:\/\/www.psv-tennis.de\/?page_id=648\" target=\"_blank\" rel=\"noopener noreferrer\">siehe hier <\/a><\/p>\n<p><strong>Grundbeitr\u00e4ge :<\/strong><br \/>\nPassive&nbsp;&nbsp;&nbsp;&nbsp;&nbsp;&nbsp;&nbsp;&nbsp;&nbsp;&nbsp;&nbsp;&nbsp;&nbsp;&nbsp;&nbsp;&nbsp;&nbsp;&nbsp;&nbsp;&nbsp;&nbsp;&nbsp;&nbsp;&nbsp;&nbsp;&nbsp;&nbsp;&nbsp;&nbsp;&nbsp;&nbsp;&nbsp;&nbsp;&nbsp;&nbsp;&nbsp;&nbsp;&nbsp;&nbsp;&nbsp;&nbsp;&nbsp;&nbsp;&nbsp;&nbsp;&nbsp;&nbsp;&nbsp;&nbsp;&nbsp; 3,00 Euro<br \/>\nJugendliche bis 18 Jahre&nbsp;&nbsp;&nbsp;&nbsp;&nbsp;&nbsp;&nbsp;&nbsp;&nbsp;&nbsp;&nbsp;&nbsp;&nbsp; &nbsp;&nbsp;&nbsp; &nbsp;&nbsp;&nbsp;&nbsp;&nbsp; &nbsp; 3,50 Euro<br \/>\nAktive \u00fcber 18 Jahre*&nbsp;&nbsp;&nbsp;&nbsp;&nbsp;&nbsp;&nbsp;&nbsp;&nbsp;&nbsp;&nbsp;&nbsp;&nbsp;&nbsp;&nbsp;&nbsp;&nbsp;&nbsp;&nbsp;&nbsp;&nbsp;&nbsp;&nbsp;&nbsp;&nbsp;&nbsp; &nbsp; 6,00 Euro<br \/>\nFamilienbeitrag&nbsp;&nbsp;&nbsp;&nbsp;&nbsp;&nbsp;&nbsp;&nbsp;&nbsp;&nbsp;&nbsp;&nbsp;&nbsp;&nbsp;&nbsp;&nbsp;&nbsp;&nbsp;&nbsp;&nbsp;&nbsp;&nbsp;&nbsp;&nbsp;&nbsp;&nbsp;&nbsp;&nbsp;&nbsp;&nbsp;&nbsp;&nbsp;&nbsp;&nbsp;&nbsp;&nbsp;&nbsp; 12,00 Euro<br \/>\n*(Sch\u00fcler, Studenten, Arbeitslose usw. zahlen auf Antrag den Jugendbeitrag)<\/p>\n<p><strong>Abteilungsbeitr\u00e4ge :<\/strong><br \/>\nBadminton&nbsp;&nbsp;&nbsp;&nbsp;&nbsp;&nbsp;&nbsp;&nbsp;&nbsp;&nbsp;&nbsp;&nbsp;&nbsp;&nbsp;&nbsp;&nbsp;&nbsp;&nbsp;&nbsp;&nbsp;&nbsp;&nbsp;&nbsp;&nbsp;&nbsp;&nbsp;&nbsp;&nbsp;&nbsp;&nbsp;&nbsp;&nbsp;&nbsp;&nbsp;&nbsp;&nbsp;&nbsp;&nbsp;&nbsp;&nbsp;&nbsp;&nbsp;&nbsp;&nbsp;&nbsp;&nbsp;&nbsp; 4,00 Euro<br \/>\nFu\u00dfball&nbsp;&nbsp;&nbsp;&nbsp;&nbsp;&nbsp;&nbsp;&nbsp;&nbsp;&nbsp;&nbsp;&nbsp;&nbsp;&nbsp;&nbsp;&nbsp;&nbsp;&nbsp;&nbsp;&nbsp;&nbsp;&nbsp;&nbsp;&nbsp;&nbsp;&nbsp;&nbsp;&nbsp;&nbsp;&nbsp;&nbsp;&nbsp;&nbsp;&nbsp;&nbsp;&nbsp;&nbsp;&nbsp;&nbsp;&nbsp;&nbsp;&nbsp;&nbsp;&nbsp;&nbsp;&nbsp;&nbsp;&nbsp;&nbsp;&nbsp;&nbsp;&nbsp;&nbsp; 3,00 Euro<br \/>\nTischtennis&nbsp;&nbsp;&nbsp;&nbsp;&nbsp;&nbsp;&nbsp;&nbsp;&nbsp;&nbsp;&nbsp;&nbsp;&nbsp;&nbsp;&nbsp;&nbsp;&nbsp;&nbsp;&nbsp;&nbsp;&nbsp;&nbsp;&nbsp;&nbsp;&nbsp;&nbsp;&nbsp;&nbsp;&nbsp;&nbsp;&nbsp;&nbsp;&nbsp;&nbsp;&nbsp;&nbsp;&nbsp;&nbsp;&nbsp;&nbsp;&nbsp;&nbsp;&nbsp;&nbsp;&nbsp;&nbsp;&nbsp; 7,00 Euro<br \/>\nFitness \/ Ballsport&nbsp; &nbsp; &nbsp; &nbsp; &nbsp; &nbsp; &nbsp; &nbsp; &nbsp; &nbsp; &nbsp; &nbsp; &nbsp; &nbsp; &nbsp; &nbsp; &nbsp; &nbsp; &nbsp;6,00 Euro<\/p>\n<p>Der Beitrag wird viertelj\u00e4hrlich, jeweils am ersten Arbeitstag im Februar, Mai, August und November eingezogen. Beitr\u00e4ge g\u00fcltig gem. Beschluss der JHV vom 11. Juni 2015.<\/p>\n\n\n<a href='https:\/\/web.whatsapp.com\/send?phone=+4916098269042&text=' target='_blank'><img decoding=\"async\" src=\"https:\/\/www.psv-velbert.de\/wp-content\/plugins\/quick-whatsapp\/images\/whatsapp-chat.jpg\" > <\/a>  \n\n\n<p>&nbsp;<\/p>\n<p><span style=\"text-decoration: underline;\">Downloads :<\/span><\/p>\n<p><a href=\"https:\/\/www.psv-velbert.de\/wp-content\/uploads\/2024\/04\/Beitraege-ab-01-04-2024.pdf\" target=\"_blank\" rel=\"noopener\">Beitr\u00e4ge<\/a><\/p>\n<p><a href=\"http:\/\/www.psv-velbert.de\/wp-content\/uploads\/2018\/05\/Vereinssatzung-17-05-2018.pdf\" target=\"_blank\" rel=\"noopener noreferrer\">Vereinssatzung<\/a><\/p>\n<p><a href=\"https:\/\/www.psv-velbert.de\/wp-content\/uploads\/2024\/03\/Aufnahmeantrag-Einwilligung-Veroeffentlichung-ab-03-2024.pdf\">Aufnahmeantrag<\/a><br \/>\n<span style=\"color: #ff0000;\">Bitte beide Seiten ausf\u00fcllen!<\/span><\/p>\n<p><img loading=\"lazy\" decoding=\"async\" class=\"aligncenter size-medium wp-image-2230\" title=\"Kindersport - Foto LSB NRWAndrea Bowinkelmann\" src=\"http:\/\/www.psv-velbert.de\/wp-content\/uploads\/2009\/06\/Kindersport-Foto-LSB-NRWAndrea-Bowinkelmann-300x199.jpg\" alt=\"Kindersport - Foto LSB NRWAndrea Bowinkelmann\" width=\"300\" height=\"199\" srcset=\"https:\/\/www.psv-velbert.de\/wp-content\/uploads\/2009\/06\/Kindersport-Foto-LSB-NRWAndrea-Bowinkelmann-300x199.jpg 300w, https:\/\/www.psv-velbert.de\/wp-content\/uploads\/2009\/06\/Kindersport-Foto-LSB-NRWAndrea-Bowinkelmann-120x80.jpg 120w, https:\/\/www.psv-velbert.de\/wp-content\/uploads\/2009\/06\/Kindersport-Foto-LSB-NRWAndrea-Bowinkelmann.jpg 800w\" sizes=\"auto, (max-width: 300px) 100vw, 300px\" \/><\/p>\n<p><strong>Im Rahmen des \u201eBildungspaket\u201c zahlt die Kommune einen Zuschuss zum Mitgliedsbeitrag<\/strong><\/p>\n<p>Kinder aus \u00e4rmeren Familien k\u00f6nnen h\u00e4ufig aus finanziellen Gr\u00fcnden nicht Mitglied in einem Sportverein werden. Auch aus diesem Grund hat die Bundesregierung ein Bildungspakt geschn\u00fcrt. Im Rahmen dieses Programms zahlen die Kommunen, also auch die Stadt Velbert, f\u00fcr Kinder und Jugendliche bis zum Alter von 18 Jahren einen Zuschuss zum Mitgliedsbeitrag in einem Verein. Auf Antrag wird bis zu 15 Euro monatlich gezahlt.<\/p>\n<p>Der Antrag kann bei der Stadt Velbert gestellt werden. Weitere Informationen finden Sie unter anderem auf der Homepage der Stadt Velbert:<\/p>\n<p style=\"text-align: center;\"><a href=\"https:\/\/serviceportal.velbert.de\/detail\/-\/vr-bis-detail\/dienstleistung\/74743\/show\" target=\"_blank\" rel=\"noopener\">https:\/\/serviceportal.velbert.de\/detail\/-\/vr-bis-detail\/dienstleistung\/74743\/show<\/a><\/p>\n<p style=\"text-align: center;\">&nbsp;<\/p>\n","protected":false},"excerpt":{"rendered":"<p>Die Beitr\u00e4ge setzen sich aus einen monatlichen Grundbeitrag und einem monatlichen Abteilungsbeitrag zusammen. Die Tennisabteilung hat gesonderte Beitr\u00e4ge , die den Grundbeitrag beinhalten siehe hier Grundbeitr\u00e4ge : Passive&nbsp;&nbsp;&nbsp;&nbsp;&nbsp;&nbsp;&nbsp;&nbsp;&nbsp;&nbsp;&nbsp;&nbsp;&nbsp;&nbsp;&nbsp;&nbsp;&nbsp;&nbsp;&nbsp;&nbsp;&nbsp;&nbsp;&nbsp;&nbsp;&nbsp;&nbsp;&nbsp;&nbsp;&nbsp;&nbsp;&nbsp;&nbsp;&nbsp;&nbsp;&nbsp;&nbsp;&nbsp;&nbsp;&nbsp;&nbsp;&nbsp;&nbsp;&nbsp;&nbsp;&nbsp;&nbsp;&nbsp;&nbsp;&nbsp;&nbsp; 3,00 Euro Jugendliche bis 18 Jahre&nbsp;&nbsp;&nbsp;&nbsp;&nbsp;&nbsp;&nbsp;&nbsp;&nbsp;&nbsp;&nbsp;&nbsp;&nbsp; &nbsp;&nbsp;&nbsp; &nbsp;&nbsp;&nbsp;&nbsp;&nbsp; &nbsp; 3,50 Euro Aktive \u00fcber 18 Jahre*&nbsp;&nbsp;&nbsp;&nbsp;&nbsp;&nbsp;&nbsp;&nbsp;&nbsp;&nbsp;&nbsp;&nbsp;&nbsp;&nbsp;&nbsp;&nbsp;&nbsp;&nbsp;&nbsp;&nbsp;&nbsp;&nbsp;&nbsp;&nbsp;&nbsp;&nbsp; &nbsp; 6,00 Euro Familienbeitrag&nbsp;&nbsp;&nbsp;&nbsp;&nbsp;&nbsp;&nbsp;&nbsp;&nbsp;&nbsp;&nbsp;&nbsp;&nbsp;&nbsp;&nbsp;&nbsp;&nbsp;&nbsp;&nbsp;&nbsp;&nbsp;&nbsp;&nbsp;&nbsp;&nbsp;&nbsp;&nbsp;&nbsp;&nbsp;&nbsp;&nbsp;&nbsp;&nbsp;&nbsp;&nbsp;&nbsp;&nbsp; 12,00 Euro *(Sch\u00fcler, Studenten, Arbeitslose usw. zahlen auf&#8230;<\/p>\n","protected":false},"author":16,"featured_media":0,"parent":23,"menu_order":15,"comment_status":"closed","ping_status":"closed","template":"","meta":{"ngg_post_thumbnail":0,"_kad_post_transparent":"","_kad_post_title":"","_kad_post_layout":"","_kad_post_sidebar_id":"","_kad_post_content_style":"","_kad_post_vertical_padding":"","_kad_post_feature":"","_kad_post_feature_position":"","_kad_post_header":false,"_kad_post_footer":false,"_kad_post_classname":"","footnotes":""},"class_list":["post-159","page","type-page","status-publish","hentry"],"_links":{"self":[{"href":"https:\/\/www.psv-velbert.de\/index.php?rest_route=\/wp\/v2\/pages\/159","targetHints":{"allow":["GET"]}}],"collection":[{"href":"https:\/\/www.psv-velbert.de\/index.php?rest_route=\/wp\/v2\/pages"}],"about":[{"href":"https:\/\/www.psv-velbert.de\/index.php?rest_route=\/wp\/v2\/types\/page"}],"author":[{"embeddable":true,"href":"https:\/\/www.psv-velbert.de\/index.php?rest_route=\/wp\/v2\/users\/16"}],"replies":[{"embeddable":true,"href":"https:\/\/www.psv-velbert.de\/index.php?rest_route=%2Fwp%2Fv2%2Fcomments&post=159"}],"version-history":[{"count":62,"href":"https:\/\/www.psv-velbert.de\/index.php?rest_route=\/wp\/v2\/pages\/159\/revisions"}],"predecessor-version":[{"id":9303,"href":"https:\/\/www.psv-velbert.de\/index.php?rest_route=\/wp\/v2\/pages\/159\/revisions\/9303"}],"up":[{"embeddable":true,"href":"https:\/\/www.psv-velbert.de\/index.php?rest_route=\/wp\/v2\/pages\/23"}],"wp:attachment":[{"href":"https:\/\/www.psv-velbert.de\/index.php?rest_route=%2Fwp%2Fv2%2Fmedia&parent=159"}],"curies":[{"name":"wp","href":"https:\/\/api.w.org\/{rel}","templated":true}]}}